{"id":306,"date":"2021-01-28T00:42:02","date_gmt":"2021-01-28T00:42:02","guid":{"rendered":"https:\/\/sub2.reithof-biberle.at\/?page_id=306"},"modified":"2026-01-02T10:18:56","modified_gmt":"2026-01-02T10:18:56","slug":"ausbildung","status":"publish","type":"page","link":"https:\/\/biberle-hof.at\/?page_id=306","title":{"rendered":"Ausbildung alt"},"content":{"rendered":"\n[et_pb_section fb_built=&#8220;1&#8243; admin_label=&#8220;Contact&#8220; _builder_version=&#8220;4.18.0&#8243; use_background_color_gradient=&#8220;on&#8220; background_color_gradient_type=&#8220;circular&#8220; background_color_gradient_direction_radial=&#8220;top right&#8220; background_color_gradient_stops=&#8220;rgba(255,255,255,0.56) 0%|rgba(178,185,196,0.98) 77%&#8220; background_color_gradient_overlays_image=&#8220;on&#8220; background_color_gradient_start=&#8220;rgba(255,255,255,0.56)&#8220; background_color_gradient_end=&#8220;rgba(178,185,196,0.98)&#8220; background_color_gradient_end_position=&#8220;77%&#8220; background_image=&#8220;https:\/\/sub2.reithof-biberle.at\/wp-content\/uploads\/2021\/01\/IMG-20160617-WA0012-1.jpg&#8220; custom_padding=&#8220;8vw|0px|133px|0px|false|false&#8220; hover_enabled=&#8220;0&#8243; locked=&#8220;off&#8220; global_colors_info=&#8220;{}&#8220; sticky_enabled=&#8220;0&#8243; background_blend=&#8220;lighten&#8220; background_enable_color=&#8220;off&#8220;][et_pb_row _builder_version=&#8220;4.16&#8243; custom_margin=&#8220;|||&#8220; global_colors_info=&#8220;{}&#8220;][et_pb_column type=&#8220;4_4&#8243; _builder_version=&#8220;4.16&#8243; custom_padding=&#8220;|||&#8220; global_colors_info=&#8220;{}&#8220; custom_padding__hover=&#8220;|||&#8220;][et_pb_text _builder_version=&#8220;4.16&#8243; text_font=&#8220;||||||||&#8220; text_font_size=&#8220;16px&#8220; text_line_height=&#8220;2em&#8220; header_font=&#8220;|700|||||||&#8220; header_text_color=&#8220;#333333&#8243; header_font_size=&#8220;60px&#8220; header_2_font=&#8220;|700|||||||&#8220; header_2_font_size=&#8220;50px&#8220; header_2_line_height=&#8220;1.2em&#8220; header_6_font=&#8220;Raleway|700||on|||||&#8220; header_6_font_size=&#8220;16px&#8220; header_6_letter_spacing=&#8220;5px&#8220; header_6_line_height=&#8220;1.8em&#8220; background_layout=&#8220;dark&#8220; max_width_tablet=&#8220;&#8220; max_width_phone=&#8220;&#8220; max_width_last_edited=&#8220;on|desktop&#8220; header_font_tablet=&#8220;&#8220; header_font_phone=&#8220;&#8220; header_font_last_edited=&#8220;on|desktop&#8220; header_font_size_tablet=&#8220;38px&#8220; header_font_size_phone=&#8220;25px&#8220; header_font_size_last_edited=&#8220;on|phone&#8220; header_2_font_size_tablet=&#8220;35px&#8220; header_2_font_size_phone=&#8220;25px&#8220; header_2_font_size_last_edited=&#8220;on|phone&#8220; header_text_shadow_style=&#8220;preset1&#8243; header_text_shadow_blur_strength=&#8220;0.2em&#8220; header_text_shadow_color=&#8220;#FFFFFF&#8220; header_2_text_shadow_style=&#8220;preset1&#8243; global_colors_info=&#8220;{}&#8220;]<h1>Ausbildung von Jungpferden<\/h1>[\/et_pb_text][\/et_pb_column][\/et_pb_row][\/et_pb_section][et_pb_section fb_built=&#8220;1&#8243; admin_label=&#8220;Attractions&#8220; _builder_version=&#8220;4.16&#8243; background_color=&#8220;#ffffff&#8220; width=&#8220;83%&#8220; max_width=&#8220;90%&#8220; max_width_tablet=&#8220;&#8220; max_width_phone=&#8220;100%&#8220; max_width_last_edited=&#8220;on|phone&#8220; module_alignment=&#8220;center&#8220; min_height=&#8220;433.2px&#8220; custom_margin=&#8220;-47px|-9px|14px|163px||&#8220; custom_padding=&#8220;0px|25px|0px|0px||&#8220; border_color_all=&#8220;#ffffff&#8220; border_width_right=&#8220;10vw&#8220; box_shadow_style=&#8220;preset2&#8243; global_colors_info=&#8220;{}&#8220;][et_pb_row column_structure=&#8220;3_4,1_4&#8243; _builder_version=&#8220;4.16&#8243; width=&#8220;100%&#8220; custom_margin=&#8220;|auto|-7px|auto||&#8220; custom_padding=&#8220;40px||14px|||&#8220; global_colors_info=&#8220;{}&#8220;][et_pb_column type=&#8220;3_4&#8243; _builder_version=&#8220;4.16&#8243; custom_padding=&#8220;|||&#8220; global_colors_info=&#8220;{}&#8220; custom_padding__hover=&#8220;|||&#8220;][et_pb_text _builder_version=&#8220;4.16&#8243; text_font=&#8220;||||||||&#8220; text_font_size=&#8220;16px&#8220; text_line_height=&#8220;2em&#8220; header_font=&#8220;||||||||&#8220; header_line_height=&#8220;1.2em&#8220; header_2_font=&#8220;Raleway|700|||||||&#8220; header_2_font_size=&#8220;50px&#8220; header_2_line_height=&#8220;1.4em&#8220; header_4_line_height=&#8220;1.2em&#8220; header_6_font=&#8220;Raleway|700||on|||||&#8220; header_6_font_size=&#8220;16px&#8220; header_6_letter_spacing=&#8220;5px&#8220; header_6_line_height=&#8220;1.8em&#8220; max_width=&#8220;700px&#8220; module_alignment=&#8220;center&#8220; custom_padding=&#8220;||0px|||&#8220; header_text_color_tablet=&#8220;&#8220; header_text_color_phone=&#8220;&#8220; header_text_color_last_edited=&#8220;on|phone&#8220; header_2_font_size_tablet=&#8220;35px&#8220; header_2_font_size_phone=&#8220;25px&#8220; header_2_font_size_last_edited=&#8220;on|phone&#8220; header_4_text_color_tablet=&#8220;&#8220; header_4_text_color_phone=&#8220;&#8220; header_4_text_color_last_edited=&#8220;on|phone&#8220; global_colors_info=&#8220;{}&#8220;]<blockquote>\n<h4><strong>Die Qualit\u00e4t der Arbeit mit Jungpferden ist sehr wichtig.<\/strong><\/h4>\n<p>Ich, Sabrina, bin f\u00fcr die Ausbildung von Pferd und Reiter zust\u00e4ndig. Wir entwickeln mit dem Pferd eine starke und gl\u00fcckliche Basis f\u00fcr ein weiteres erfolgreiches Leben\u00a0 mit seinem Menschen.<\/p>\n<p>Es ist mir auch ein Anliegen dem Pferdebesitzer viel Wissen und Praxis zu vermitteln, denn das ist die Voraussetzung, damit Mensch und Pferd eine gute Partnerschaft aufbauen k\u00f6nnen, welche auf Sicherheit, Respekt und Vertrauen basiert.<\/p>\n<p>Ich gehe sehr individuell auf jedes Pferd und dessen Besitzer ein und nehme mir die Zeit, die es braucht um nachhaltig erfolgreich zu sein.<\/p>\n<p>Damit wir ihre Ziele mit Pferden gemeinsam erreichen<\/p>\n<\/blockquote>[\/et_pb_text][\/et_pb_column][et_pb_column type=&#8220;1_4&#8243; _builder_version=&#8220;4.16&#8243; custom_padding=&#8220;|||&#8220; global_colors_info=&#8220;{}&#8220; custom_padding__hover=&#8220;|||&#8220;][et_pb_image src=&#8220;https:\/\/sub2.reithof-biberle.at\/wp-content\/uploads\/2021\/01\/Logo-Reithof-Biberle-5984-1.png&#8220; title_text=&#8220;Logo Reithof-Biberle %915984%93&#8243; _builder_version=&#8220;4.16&#8243; _module_preset=&#8220;default&#8220; custom_margin=&#8220;|-33px||||&#8220; global_colors_info=&#8220;{}&#8220;][\/et_pb_image][\/et_pb_column][\/et_pb_row][\/et_pb_section][et_pb_section fb_built=&#8220;1&#8243; custom_padding_last_edited=&#8220;off|desktop&#8220; admin_label=&#8220;Menu&#8220; _builder_version=&#8220;4.16&#8243; use_background_color_gradient=&#8220;on&#8220; background_color_gradient_type=&#8220;circular&#8220; background_color_gradient_direction_radial=&#8220;top right&#8220; background_color_gradient_stops=&#8220;rgba(255,255,255,0) 0%|#ffffff 60%&#8220; background_color_gradient_overlays_image=&#8220;on&#8220; background_color_gradient_start=&#8220;rgba(255,255,255,0)&#8220; background_color_gradient_end=&#8220;#ffffff&#8220; background_color_gradient_end_position=&#8220;60%&#8220; background_image=&#8220;https:\/\/sub2.reithof-biberle.at\/wp-content\/uploads\/2021\/01\/60959905_2387962824862792_450713782142894080_o.jpg&#8220; min_height=&#8220;578.6px&#8220; custom_margin=&#8220;-11px||-3px|||&#8220; custom_padding=&#8220;61px|0px|1px|0px|false|false&#8220; custom_padding_tablet=&#8220;50px|||&#8220; box_shadow_style=&#8220;preset6&#8243; box_shadow_horizontal=&#8220;80px&#8220; box_shadow_vertical=&#8220;-80px&#8220; box_shadow_blur=&#8220;80px&#8220; box_shadow_spread=&#8220;-40px&#8220; box_shadow_color=&#8220;#ffffff&#8220; global_colors_info=&#8220;{}&#8220;][et_pb_row _builder_version=&#8220;4.16&#8243; locked=&#8220;off&#8220; global_colors_info=&#8220;{}&#8220;][et_pb_column type=&#8220;4_4&#8243; _builder_version=&#8220;4.16&#8243; custom_padding=&#8220;|||&#8220; global_colors_info=&#8220;{}&#8220; custom_padding__hover=&#8220;|||&#8220;][et_pb_text _builder_version=&#8220;4.16&#8243; text_font=&#8220;||||||||&#8220; header_font=&#8220;||||||||&#8220; header_2_font=&#8220;Raleway|700|||||||&#8220; header_2_font_size=&#8220;50px&#8220; header_2_line_height=&#8220;1.2em&#8220; header_6_font=&#8220;Raleway|700||on|||||&#8220; header_6_font_size=&#8220;16px&#8220; header_6_letter_spacing=&#8220;5px&#8220; header_6_line_height=&#8220;1.8em&#8220; max_width_last_edited=&#8220;off|desktop&#8220; custom_margin=&#8220;||||false|false&#8220; custom_padding=&#8220;||||false|false&#8220; header_2_font_size_tablet=&#8220;35px&#8220; header_2_font_size_phone=&#8220;25px&#8220; header_2_font_size_last_edited=&#8220;on|phone&#8220; text_text_shadow_style=&#8220;preset1&#8243; global_colors_info=&#8220;{}&#8220;]<h5><span style=\"font-size: 40px;\">Unterbringung  &#038; Dauer <\/h5>[\/et_pb_text][\/et_pb_column][\/et_pb_row][et_pb_row column_structure=&#8220;1_2,1_2&#8243; _builder_version=&#8220;4.16&#8243; custom_padding=&#8220;||40px|||&#8220; global_colors_info=&#8220;{}&#8220;][et_pb_column type=&#8220;1_2&#8243; _builder_version=&#8220;4.16&#8243; custom_padding=&#8220;|||&#8220; global_colors_info=&#8220;{}&#8220; custom_padding__hover=&#8220;|||&#8220;][et_pb_text _builder_version=&#8220;4.16&#8243; text_font=&#8220;||||||||&#8220; text_line_height=&#8220;2em&#8220; header_font=&#8220;||||||||&#8220; header_5_font=&#8220;Raleway|700|||||||&#8220; header_5_font_size=&#8220;20px&#8220; header_5_line_height=&#8220;1.2em&#8220; global_colors_info=&#8220;{}&#8220;]<h5><span style=\"text-decoration: underline;\">Unterbringung<\/span><\/h5>\n<p>Die Pferde sind bei uns auf dem Hof in gro\u00dfen, hellen Boxen oder Offenstall untergebracht.<\/p>\n<p>Weiden oder Auslauf geh\u00f6rt zur Tagesordnung.<\/p>\n<p>&nbsp;<\/p>\n<h5><span style=\"text-decoration: underline;\">Dauer<\/span><\/h5>\n<p>Wie lange die Grundausbildung dauert, h\u00e4ngt immer vom jeweiligen Pferd ab.<\/p>\n<p>Wenn sich das Pferd entspannt und in Balance unter dem Reiter bewegt, genug Selbstsicherheit hat und auch gelernt hat seinen R\u00fccken bzw. seine Hinterhand aktiv einzusetzen, ist es f\u00fcr den jeweiligen, gew\u00fcnschten Reitstil, wie Dressur, Freizeitpferd, usw. bereit.\u00a0<\/p>[\/et_pb_text][\/et_pb_column][et_pb_column type=&#8220;1_2&#8243; _builder_version=&#8220;4.16&#8243; custom_padding=&#8220;|||&#8220; global_colors_info=&#8220;{}&#8220; custom_padding__hover=&#8220;|||&#8220;][\/et_pb_column][\/et_pb_row][\/et_pb_section][et_pb_section fb_built=&#8220;1&#8243; admin_label=&#8220;About Us&#8220; _builder_version=&#8220;4.16&#8243; background_color=&#8220;RGBA(0,0,0,0)&#8220; min_height=&#8220;1692.8px&#8220; custom_margin=&#8220;4px|||||&#8220; custom_padding=&#8220;3px|||||&#8220; global_colors_info=&#8220;{}&#8220;][et_pb_row column_structure=&#8220;1_2,1_2&#8243; _builder_version=&#8220;4.16&#8243; global_colors_info=&#8220;{}&#8220;][et_pb_column type=&#8220;1_2&#8243; _builder_version=&#8220;4.16&#8243; custom_padding=&#8220;|||&#8220; global_colors_info=&#8220;{}&#8220; custom_padding__hover=&#8220;|||&#8220;][et_pb_text _builder_version=&#8220;4.16&#8243; _module_preset=&#8220;default&#8220; custom_margin=&#8220;||32px|||&#8220; global_colors_info=&#8220;{}&#8220;]<h2><strong>Trainingseinblicke Farajena<\/strong><\/h2>[\/et_pb_text][et_pb_video src=&#8220;https:\/\/sub2.reithof-biberle.at\/wp-content\/uploads\/2021\/01\/VID-20210107-WA0010-1.mp4&#8243; _builder_version=&#8220;4.16&#8243; custom_margin=&#8220;|||&#8220; animation_style=&#8220;fade&#8220; locked=&#8220;off&#8220; global_colors_info=&#8220;{}&#8220;][\/et_pb_video][\/et_pb_column][et_pb_column type=&#8220;1_2&#8243; _builder_version=&#8220;4.16&#8243; custom_padding=&#8220;|||&#8220; global_colors_info=&#8220;{}&#8220; custom_padding__hover=&#8220;|||&#8220;][et_pb_gallery gallery_ids=&#8220;332,331,330&#8243; posts_number=&#8220;2&#8243; show_title_and_caption=&#8220;off&#8220; _builder_version=&#8220;4.16&#8243; _module_preset=&#8220;default&#8220; pagination_text_color=&#8220;#FFFFFF&#8220; custom_margin=&#8220;67px||||false|false&#8220; border_radii_image=&#8220;on|8px|8px|8px|8px&#8220; box_shadow_style_image=&#8220;preset2&#8243; global_colors_info=&#8220;{}&#8220;][\/et_pb_gallery][\/et_pb_column][\/et_pb_row][et_pb_row _builder_version=&#8220;4.16&#8243; custom_margin=&#8220;34px|auto||auto||&#8220; global_colors_info=&#8220;{}&#8220;][et_pb_column type=&#8220;4_4&#8243; _builder_version=&#8220;4.16&#8243; custom_padding=&#8220;|||&#8220; global_colors_info=&#8220;{}&#8220; custom_padding__hover=&#8220;|||&#8220;][et_pb_text _builder_version=&#8220;4.16&#8243; _module_preset=&#8220;default&#8220; custom_margin=&#8220;||32px|||&#8220; global_colors_info=&#8220;{}&#8220;]<h2><strong>Trainingseinblicke Finnlady<\/strong><\/h2>[\/et_pb_text][et_pb_gallery gallery_ids=&#8220;330,340,341,342,343,344,345,346,347&#8243; show_title_and_caption=&#8220;off&#8220; _builder_version=&#8220;4.16&#8243; _module_preset=&#8220;default&#8220; pagination_text_color=&#8220;#FFFFFF&#8220; custom_margin=&#8220;-1px||||false|false&#8220; border_radii_image=&#8220;on|8px|8px|8px|8px&#8220; box_shadow_style_image=&#8220;preset2&#8243; global_colors_info=&#8220;{}&#8220;][\/et_pb_gallery][\/et_pb_column][\/et_pb_row][et_pb_row _builder_version=&#8220;4.16&#8243; custom_margin=&#8220;34px|auto||auto||&#8220; global_colors_info=&#8220;{}&#8220;][et_pb_column type=&#8220;4_4&#8243; _builder_version=&#8220;4.16&#8243; custom_padding=&#8220;|||&#8220; global_colors_info=&#8220;{}&#8220; custom_padding__hover=&#8220;|||&#8220;][et_pb_text _builder_version=&#8220;4.16&#8243; _module_preset=&#8220;default&#8220; custom_margin=&#8220;||32px|||&#8220; global_colors_info=&#8220;{}&#8220;]<h2><strong>Trainingseinblicke Saladin<\/strong><\/h2>[\/et_pb_text][et_pb_gallery gallery_ids=&#8220;356,357,358,359,360,361,362&#8243; show_title_and_caption=&#8220;off&#8220; _builder_version=&#8220;4.16&#8243; _module_preset=&#8220;default&#8220; pagination_text_color=&#8220;#FFFFFF&#8220; custom_margin=&#8220;-1px||||false|false&#8220; border_radii_image=&#8220;on|8px|8px|8px|8px&#8220; box_shadow_style_image=&#8220;preset2&#8243; global_colors_info=&#8220;{}&#8220;][\/et_pb_gallery][\/et_pb_column][\/et_pb_row][et_pb_row _builder_version=&#8220;4.16&#8243; custom_padding=&#8220;34px|||||&#8220; global_colors_info=&#8220;{}&#8220;][et_pb_column type=&#8220;4_4&#8243; _builder_version=&#8220;4.16&#8243; custom_padding=&#8220;|||&#8220; global_colors_info=&#8220;{}&#8220; custom_padding__hover=&#8220;|||&#8220;][et_pb_text _builder_version=&#8220;4.16&#8243; _module_preset=&#8220;default&#8220; global_colors_info=&#8220;{}&#8220;]<h2><strong>Trainingseinblicke Melissa<\/strong><\/h2>[\/et_pb_text][et_pb_gallery gallery_ids=&#8220;350,352,353,354,313&#8243; show_title_and_caption=&#8220;off&#8220; _builder_version=&#8220;4.16&#8243; _module_preset=&#8220;default&#8220; pagination_text_color=&#8220;#FFFFFF&#8220; custom_margin=&#8220;32px||||false|false&#8220; border_radii_image=&#8220;on|8px|8px|8px|8px&#8220; box_shadow_style_image=&#8220;preset2&#8243; global_colors_info=&#8220;{}&#8220;][\/et_pb_gallery][\/et_pb_column][\/et_pb_row][\/et_pb_section]\n","protected":false},"excerpt":{"rendered":"<p>Ausbildung von Jungpferden Die Qualit\u00e4t der Arbeit mit Jungpferden ist sehr wichtig. Ich, Sabrina, bin f\u00fcr die Ausbildung von Pferd und Reiter zust\u00e4ndig. Wir entwickeln mit dem Pferd eine starke und gl\u00fcckliche Basis f\u00fcr ein weiteres erfolgreiches Leben\u00a0 mit seinem Menschen. Es ist mir auch ein Anliegen dem Pferdebesitzer viel Wissen und Praxis zu vermitteln, [&hellip;]<\/p>\n","protected":false},"author":1,"featured_media":0,"parent":0,"menu_order":0,"comment_status":"closed","ping_status":"closed","template":"","meta":{"_et_pb_use_builder":"on","_et_pb_old_content":"","_et_gb_content_width":"1080","footnotes":""},"class_list":["post-306","page","type-page","status-publish","hentry"],"_links":{"self":[{"href":"https:\/\/biberle-hof.at\/index.php?rest_route=\/wp\/v2\/pages\/306","targetHints":{"allow":["GET"]}}],"collection":[{"href":"https:\/\/biberle-hof.at\/index.php?rest_route=\/wp\/v2\/pages"}],"about":[{"href":"https:\/\/biberle-hof.at\/index.php?rest_route=\/wp\/v2\/types\/page"}],"author":[{"embeddable":true,"href":"https:\/\/biberle-hof.at\/index.php?rest_route=\/wp\/v2\/users\/1"}],"replies":[{"embeddable":true,"href":"https:\/\/biberle-hof.at\/index.php?rest_route=%2Fwp%2Fv2%2Fcomments&post=306"}],"version-history":[{"count":32,"href":"https:\/\/biberle-hof.at\/index.php?rest_route=\/wp\/v2\/pages\/306\/revisions"}],"predecessor-version":[{"id":941,"href":"https:\/\/biberle-hof.at\/index.php?rest_route=\/wp\/v2\/pages\/306\/revisions\/941"}],"wp:attachment":[{"href":"https:\/\/biberle-hof.at\/index.php?rest_route=%2Fwp%2Fv2%2Fmedia&parent=306"}],"curies":[{"name":"wp","href":"https:\/\/api.w.org\/{rel}","templated":true}]}}