{"id":62,"date":"2021-01-14T01:07:52","date_gmt":"2021-01-14T01:07:52","guid":{"rendered":"https:\/\/sub2.reithof-biberle.at\/?page_id=62"},"modified":"2026-01-02T10:22:38","modified_gmt":"2026-01-02T10:22:38","slug":"ueber-uns","status":"publish","type":"page","link":"https:\/\/biberle-hof.at\/?page_id=62","title":{"rendered":"\u00dcber Uns alt"},"content":{"rendered":"\n[et_pb_section fb_built=&#8220;1&#8243; admin_label=&#8220;Contact&#8220; _builder_version=&#8220;4.18.0&#8243; background_image=&#8220;http:\/\/biberle-hof.at\/wp-content\/uploads\/2021\/01\/20160614_135507-3-2.jpg&#8220; background_enable_mask_style=&#8220;on&#8220; background_mask_style=&#8220;wave&#8220; background_mask_color=&#8220;rgba(255,255,255,0.49)&#8220; background_mask_aspect_ratio=&#8220;portrait&#8220; background_mask_size=&#8220;cover&#8220; custom_padding=&#8220;8vw|0px|280px|0px|false|false&#8220; background_last_edited=&#8220;on|phone&#8220; use_background_color_gradient_phone=&#8220;on&#8220; background_color_gradient_direction_phone=&#8220;93deg&#8220; background_color_gradient_stops_phone=&#8220;rgba(255,255,255,0.82) 0%|rgba(255,255,255,0.68) 100%&#8220; background_color_gradient_start_phone=&#8220;rgba(255,255,255,0.82)&#8220; background_color_gradient_start_position_phone=&#8220;0%&#8220; background_color_gradient_end_phone=&#8220;rgba(255,255,255,0.68)&#8220; locked=&#8220;off&#8220; global_colors_info=&#8220;{}&#8220;][et_pb_row _builder_version=&#8220;4.16&#8243; min_height=&#8220;85px&#8220; custom_margin=&#8220;|||&#8220; global_module=&#8220;772&#8243; saved_tabs=&#8220;all&#8220; global_colors_info=&#8220;{}&#8220;][et_pb_column type=&#8220;4_4&#8243; _builder_version=&#8220;4.16&#8243; custom_padding=&#8220;|||&#8220; global_colors_info=&#8220;{}&#8220; custom_padding__hover=&#8220;|||&#8220;][et_pb_text _builder_version=&#8220;4.18.0&#8243; text_font=&#8220;||||||||&#8220; text_font_size=&#8220;16px&#8220; text_line_height=&#8220;2em&#8220; header_font=&#8220;|700|||||||&#8220; header_text_color=&#8220;#333333&#8243; header_font_size=&#8220;60px&#8220; header_2_font=&#8220;Raleway|700|||||||&#8220; header_2_font_size=&#8220;50px&#8220; header_2_line_height=&#8220;1.2em&#8220; header_6_font=&#8220;Raleway|700||on|||||&#8220; header_6_font_size=&#8220;16px&#8220; header_6_letter_spacing=&#8220;5px&#8220; header_6_line_height=&#8220;1.8em&#8220; background_layout=&#8220;dark&#8220; max_width_tablet=&#8220;&#8220; max_width_phone=&#8220;&#8220; max_width_last_edited=&#8220;on|desktop&#8220; header_font_size_tablet=&#8220;48px&#8220; header_font_size_phone=&#8220;25px&#8220; header_font_size_last_edited=&#8220;on|desktop&#8220; header_2_font_size_tablet=&#8220;35px&#8220; header_2_font_size_phone=&#8220;25px&#8220; header_2_font_size_last_edited=&#8220;on|phone&#8220; header_text_shadow_style=&#8220;preset1&#8243; header_text_shadow_color=&#8220;#FFFFFF&#8220; global_colors_info=&#8220;{}&#8220;]<h1>Familie Biberle<\/h1>[\/et_pb_text][\/et_pb_column][\/et_pb_row][\/et_pb_section][et_pb_section fb_built=&#8220;1&#8243; admin_label=&#8220;Attractions&#8220; _builder_version=&#8220;4.16&#8243; background_color=&#8220;#ffffff&#8220; max_width=&#8220;90%&#8220; max_width_tablet=&#8220;&#8220; max_width_phone=&#8220;100%&#8220; max_width_last_edited=&#8220;on|phone&#8220; module_alignment=&#8220;right&#8220; custom_margin=&#8220;-160px|||1px||&#8220; border_color_all=&#8220;#ffffff&#8220; border_width_right=&#8220;10vw&#8220; global_colors_info=&#8220;{}&#8220;][et_pb_row column_structure=&#8220;3_4,1_4&#8243; _builder_version=&#8220;4.16&#8243; global_colors_info=&#8220;{}&#8220;][et_pb_column type=&#8220;3_4&#8243; _builder_version=&#8220;4.16&#8243; custom_padding=&#8220;|||&#8220; global_colors_info=&#8220;{}&#8220; custom_padding__hover=&#8220;|||&#8220;][et_pb_toggle title=&#8220;Wir stellen uns vor: &#8220; open=&#8220;on&#8220; closed_toggle_background_color=&#8220;#f5f5f5&#8243; icon_color=&#8220;#b2b9c4&#8243; open_icon_color=&#8220;#b2b9c4&#8243; _builder_version=&#8220;4.16&#8243; title_font=&#8220;Raleway|700|||||||&#8220; title_line_height=&#8220;1.4em&#8220; body_font=&#8220;||||||||&#8220; body_line_height=&#8220;2em&#8220; border_width_all=&#8220;2px&#8220; border_color_all=&#8220;#f5f5f5&#8243; global_colors_info=&#8220;{}&#8220;]<p>Wir, <strong>Reinhard und Maria<\/strong>, haben die Betriebsf\u00fchrung 2001 mit ca. 500 H\u00fchnern und 2 Haflingerstuten von unserer (Schwieger-)Mutter \u00fcbernommen.<\/p>\n<p>Die Zucht hat sich in der Zeit vergr\u00f6\u00dfert und wir konnten schon tolle Erfolge erzielen. Unsere Kinder helfen tatkr\u00e4ftig am Hof mit.<\/p>\n<p><strong>Stefan<\/strong>, unser Sohn,\u00a0 ist gelernter Schlosser und EDV- Techniker<\/p>\n<p><strong>Sabrina<\/strong>, unsere \u00e4ltere Tochter, absolvierte 2014 erfolgreich die Ausbildung zur Pferdefacharbeiterin.\u00a0<span style=\"font-size: 14px;\">Nach der Arbeit widmet sie sich den Pferden. Sie hat sich auf die Ausbildung der Jungpferde spezialisiert.\u00a0<\/span><\/p>\n<p><strong>Bianca<\/strong>, unsere j\u00fcngere Tochter, absolviert derzeit noch die Lehre zur Elektrotechnikerin.<\/p>\n<p><strong>Ingo<\/strong>, Sabrina&#8217;s Freund, unterst\u00fctzt uns ebenfalls tatkr\u00e4ftig in seiner Freizeit auf dem Hof.<br \/>Zudem hilft er Sabrina mit viel Freude bei der Arbeit mit den Pferden. Mit seiner Ziege Daisy, die mittlerweile auch in Raggal zuhause ist, hat er sehr viel Freude.<\/p>\n<p>Wenn es die Zeit zul\u00e4sst, g\u00f6nnen wir uns eine Auszeit auf unserer Alph\u00fctte auf der Alpe Laguz.<\/p>\n<p>Neben der Hofarbeit, liefern wir Eier von unseren H\u00fchnern aus,<\/p>[\/et_pb_toggle][et_pb_toggle title=&#8220;Zu unsere Familie geh\u00f6ren im \u00dcbrigen auch noch:&#8220; open=&#8220;on&#8220; closed_toggle_background_color=&#8220;#f5f5f5&#8243; icon_color=&#8220;#b2b9c4&#8243; open_icon_color=&#8220;#b2b9c4&#8243; _builder_version=&#8220;4.16&#8243; title_font=&#8220;Raleway|700|||||||&#8220; title_line_height=&#8220;1.4em&#8220; body_font=&#8220;||||||||&#8220; body_line_height=&#8220;2em&#8220; border_width_all=&#8220;2px&#8220; border_color_all=&#8220;#f5f5f5&#8243; global_colors_info=&#8220;{}&#8220;]<p><strong>Sembiran<\/strong>, unser \u00f6sterreichisches Warmblut,<br \/> unsere Ziege <strong>Daisy<\/strong>,<br \/> unser Australien-Cattle-Dog-Appenzeller-Mischling <strong>Bello<\/strong> (braun-wei\u00df),<br \/> unsere Border-Collie-Mischlings-H\u00fcndin <strong>Josy<\/strong> (schwarz),<br \/> unser Border-Collie <strong>Rocky<\/strong> (schwarz-wei\u00df) und<br \/> noch 500 <strong>Legeh\u00fchner<\/strong> in Bodenhaltung.<\/p>[\/et_pb_toggle][et_pb_text _builder_version=&#8220;4.16&#8243; _module_preset=&#8220;default&#8220; global_colors_info=&#8220;{}&#8220;][\/et_pb_text][et_pb_gallery gallery_ids=&#8220;481,482,483,484,486&#8243; show_title_and_caption=&#8220;off&#8220; show_pagination=&#8220;off&#8220; _builder_version=&#8220;4.16&#8243; _module_preset=&#8220;default&#8220; border_radii_image=&#8220;on|41px|41px|41px|41px&#8220; box_shadow_style_image=&#8220;preset1&#8243; global_colors_info=&#8220;{}&#8220;][\/et_pb_gallery][\/et_pb_column][et_pb_column type=&#8220;1_4&#8243; _builder_version=&#8220;4.16&#8243; custom_padding=&#8220;|||&#8220; global_colors_info=&#8220;{}&#8220; custom_padding__hover=&#8220;|||&#8220;][et_pb_image src=&#8220;https:\/\/sub2.reithof-biberle.at\/wp-content\/uploads\/2021\/01\/IMG_5801-2-scaled.jpg&#8220; title_text=&#8220;IMG_5801&#8243; _builder_version=&#8220;4.16&#8243; _module_preset=&#8220;default&#8220; border_radii=&#8220;on|41px|41px|41px|41px&#8220; box_shadow_style=&#8220;preset2&#8243; box_shadow_horizontal=&#8220;0px&#8220; box_shadow_vertical=&#8220;0px&#8220; box_shadow_blur=&#8220;17px&#8220; global_colors_info=&#8220;{}&#8220;][\/et_pb_image][et_pb_image src=&#8220;https:\/\/sub2.reithof-biberle.at\/wp-content\/uploads\/2021\/01\/IMG_20200212_173200.jpg&#8220; title_text=&#8220;sdr&#8220; _builder_version=&#8220;4.16&#8243; _module_preset=&#8220;default&#8220; border_radii=&#8220;on|41px|41px|41px|41px&#8220; box_shadow_style=&#8220;preset2&#8243; box_shadow_horizontal=&#8220;0px&#8220; box_shadow_vertical=&#8220;0px&#8220; box_shadow_blur=&#8220;17px&#8220; global_colors_info=&#8220;{}&#8220;][\/et_pb_image][et_pb_image src=&#8220;https:\/\/sub2.reithof-biberle.at\/wp-content\/uploads\/2021\/01\/DSC09123-1-scaled.jpg&#8220; title_text=&#8220;DSC09123&#8243; _builder_version=&#8220;4.16&#8243; _module_preset=&#8220;default&#8220; border_radii=&#8220;on|41px|41px|41px|41px&#8220; box_shadow_style=&#8220;preset2&#8243; box_shadow_horizontal=&#8220;0px&#8220; box_shadow_vertical=&#8220;0px&#8220; box_shadow_blur=&#8220;17px&#8220; global_colors_info=&#8220;{}&#8220;][\/et_pb_image][et_pb_image src=&#8220;https:\/\/sub2.reithof-biberle.at\/wp-content\/uploads\/2021\/01\/794-1.jpg&#8220; title_text=&#8220;794&#8243; _builder_version=&#8220;4.16&#8243; _module_preset=&#8220;default&#8220; border_radii=&#8220;on|41px|41px|41px|41px&#8220; box_shadow_style=&#8220;preset2&#8243; box_shadow_horizontal=&#8220;0px&#8220; box_shadow_vertical=&#8220;0px&#8220; box_shadow_blur=&#8220;17px&#8220; global_colors_info=&#8220;{}&#8220;][\/et_pb_image][et_pb_image src=&#8220;https:\/\/sub2.reithof-biberle.at\/wp-content\/uploads\/2021\/01\/FB_IMG_1501758103246-1.jpg&#8220; title_text=&#8220;FB_IMG_1501758103246 (1)&#8220; _builder_version=&#8220;4.16&#8243; _module_preset=&#8220;default&#8220; border_radii=&#8220;on|41px|41px|41px|41px&#8220; box_shadow_style=&#8220;preset2&#8243; box_shadow_horizontal=&#8220;0px&#8220; box_shadow_vertical=&#8220;0px&#8220; box_shadow_blur=&#8220;17px&#8220; global_colors_info=&#8220;{}&#8220;][\/et_pb_image][et_pb_image src=&#8220;https:\/\/sub2.reithof-biberle.at\/wp-content\/uploads\/2021\/01\/IMG_20201212_175046.jpg&#8220; title_text=&#8220;IMG_20201212_175046&#8243; _builder_version=&#8220;4.16&#8243; _module_preset=&#8220;default&#8220; border_radii=&#8220;on|41px|41px|41px|41px&#8220; box_shadow_style=&#8220;preset2&#8243; box_shadow_horizontal=&#8220;0px&#8220; box_shadow_vertical=&#8220;0px&#8220; box_shadow_blur=&#8220;17px&#8220; global_colors_info=&#8220;{}&#8220;][\/et_pb_image][et_pb_image src=&#8220;https:\/\/sub2.reithof-biberle.at\/wp-content\/uploads\/2021\/01\/IMG-20210123-WA0002.jpg&#8220; title_text=&#8220;IMG-20210123-WA0002&#8243; _builder_version=&#8220;4.16&#8243; _module_preset=&#8220;default&#8220; border_radii=&#8220;on|41px|41px|41px|41px&#8220; box_shadow_style=&#8220;preset2&#8243; box_shadow_horizontal=&#8220;0px&#8220; box_shadow_vertical=&#8220;0px&#8220; box_shadow_blur=&#8220;17px&#8220; global_colors_info=&#8220;{}&#8220;][\/et_pb_image][\/et_pb_column][\/et_pb_row][\/et_pb_section]\n","protected":false},"excerpt":{"rendered":"<p>Familie BiberleWir, Reinhard und Maria, haben die Betriebsf\u00fchrung 2001 mit ca. 500 H\u00fchnern und 2 Haflingerstuten von unserer (Schwieger-)Mutter \u00fcbernommen. Die Zucht hat sich in der Zeit vergr\u00f6\u00dfert und wir konnten schon tolle Erfolge erzielen. Unsere Kinder helfen tatkr\u00e4ftig am Hof mit. Stefan, unser Sohn,\u00a0 ist gelernter Schlosser und EDV- Techniker Sabrina, unsere \u00e4ltere Tochter, [&hellip;]<\/p>\n","protected":false},"author":1,"featured_media":0,"parent":0,"menu_order":0,"comment_status":"closed","ping_status":"closed","template":"","meta":{"_et_pb_use_builder":"on","_et_pb_old_content":"","_et_gb_content_width":"1080","footnotes":""},"class_list":["post-62","page","type-page","status-publish","hentry"],"_links":{"self":[{"href":"https:\/\/biberle-hof.at\/index.php?rest_route=\/wp\/v2\/pages\/62","targetHints":{"allow":["GET"]}}],"collection":[{"href":"https:\/\/biberle-hof.at\/index.php?rest_route=\/wp\/v2\/pages"}],"about":[{"href":"https:\/\/biberle-hof.at\/index.php?rest_route=\/wp\/v2\/types\/page"}],"author":[{"embeddable":true,"href":"https:\/\/biberle-hof.at\/index.php?rest_route=\/wp\/v2\/users\/1"}],"replies":[{"embeddable":true,"href":"https:\/\/biberle-hof.at\/index.php?rest_route=%2Fwp%2Fv2%2Fcomments&post=62"}],"version-history":[{"count":20,"href":"https:\/\/biberle-hof.at\/index.php?rest_route=\/wp\/v2\/pages\/62\/revisions"}],"predecessor-version":[{"id":952,"href":"https:\/\/biberle-hof.at\/index.php?rest_route=\/wp\/v2\/pages\/62\/revisions\/952"}],"wp:attachment":[{"href":"https:\/\/biberle-hof.at\/index.php?rest_route=%2Fwp%2Fv2%2Fmedia&parent=62"}],"curies":[{"name":"wp","href":"https:\/\/api.w.org\/{rel}","templated":true}]}}