{"id":911,"date":"2026-01-02T09:59:09","date_gmt":"2026-01-02T09:59:09","guid":{"rendered":"https:\/\/biberle-hof.at\/?page_id=911"},"modified":"2026-01-29T15:31:19","modified_gmt":"2026-01-29T15:31:19","slug":"ueber-uns-neu","status":"publish","type":"page","link":"https:\/\/biberle-hof.at\/?page_id=911","title":{"rendered":"\u00dcber uns"},"content":{"rendered":"<p>[et_pb_section fb_built=&#8220;1&#8243; admin_label=&#8220;Hero&#8220; _builder_version=&#8220;4.27.4&#8243; _module_preset=&#8220;74c69059-8e69-4122-b1e6-dfeabf6c5711&#8243; use_background_color_gradient=&#8220;on&#8220; background_color_gradient_stops=&#8220;rgba(0,0,0,0.6) 0%|rgba(0,0,0,0.9) 100%&#8220; background_color_gradient_overlays_image=&#8220;on&#8220; background_color_gradient_start=&#8220;rgba(0,0,0,0.5)&#8220; background_color_gradient_end=&#8220;rgba(0,0,0,0.75)&#8220; background_image=&#8220;http:\/\/biberle-hof.at\/wp-content\/uploads\/2021\/01\/2121.jpg&#8220; module_alignment=&#8220;center&#8220; max_height=&#8220;1000px&#8220; custom_padding=&#8220;8vw||8vw||true|false&#8220; locked=&#8220;off&#8220; collapsed=&#8220;on&#8220; global_colors_info=&#8220;{}&#8220; background__hover_enabled=&#8220;on|desktop&#8220;][et_pb_row column_structure=&#8220;2_3,1_3&#8243; _builder_version=&#8220;4.18.0&#8243; _module_preset=&#8220;5138c454-be54-4233-bd3b-f8e6a8747976&#8243; global_colors_info=&#8220;{}&#8220;][et_pb_column type=&#8220;2_3&#8243; _builder_version=&#8220;4.16&#8243; _module_preset=&#8220;73121f80-a3ef-4484-8763-c3f18e3c56d2&#8243; global_colors_info=&#8220;{}&#8220;][et_pb_heading title=&#8220;Das sind wir &#8220; _builder_version=&#8220;4.27.4&#8243; _module_preset=&#8220;f0c675ea-2574-4d0e-b725-30f8550a8550&#8243; title_level=&#8220;h4&#8243; title_font=&#8220;Source Sans Pro|Playfair Display_weight||on|||||&#8220; title_text_color=&#8220;#FFFFFF&#8220; title_font_size=&#8220;14px&#8220; title_letter_spacing=&#8220;1px&#8220; title_line_height=&#8220;1.4em&#8220; custom_margin=&#8220;||10px||false|false&#8220; title_font_size_tablet=&#8220;13px&#8220; title_font_size_phone=&#8220;13px&#8220; title_font_size_last_edited=&#8220;on|desktop&#8220; locked=&#8220;off&#8220; global_colors_info=&#8220;{}&#8220;][\/et_pb_heading][et_pb_heading title=&#8220;Willkommen auf dem Biberle Hof&#8220; _builder_version=&#8220;4.24.2&#8243; _module_preset=&#8220;ddeb8c09-9078-4424-bc15-2efb6572e28e&#8220; title_font=&#8220;Playfair Display|Playfair Display_weight|||||||&#8220; title_text_color=&#8220;#FFFFFF&#8220; title_font_size=&#8220;72px&#8220; title_line_height=&#8220;1.15em&#8220; title_font_size_tablet=&#8220;40px&#8220; title_font_size_phone=&#8220;24px&#8220; title_font_size_last_edited=&#8220;on|phone&#8220; locked=&#8220;off&#8220; global_colors_info=&#8220;{}&#8220;][\/et_pb_heading][\/et_pb_column][et_pb_column type=&#8220;1_3&#8243; _builder_version=&#8220;4.16&#8243; _module_preset=&#8220;73121f80-a3ef-4484-8763-c3f18e3c56d2&#8243; global_colors_info=&#8220;{}&#8220;][\/et_pb_column][\/et_pb_row][\/et_pb_section][et_pb_section fb_built=&#8220;1&#8243; admin_label=&#8220;About&#8220; _builder_version=&#8220;4.25.1&#8243; _module_preset=&#8220;default&#8220; collapsed=&#8220;on&#8220; global_colors_info=&#8220;{}&#8220;][et_pb_row _builder_version=&#8220;4.25.1&#8243; _module_preset=&#8220;default&#8220; global_colors_info=&#8220;{}&#8220;][et_pb_column type=&#8220;4_4&#8243; _builder_version=&#8220;4.25.1&#8243; _module_preset=&#8220;default&#8220; global_colors_info=&#8220;{}&#8220;][et_pb_heading title=&#8220;Unsere Geschichte&#8220; _builder_version=&#8220;4.25.1&#8243; _module_preset=&#8220;c33f07d9-41e0-421a-8799-5799df695cce&#8220; title_level=&#8220;h2&#8243; title_font=&#8220;Playfair Display|Playfair Display_weight|||||||&#8220; title_text_color=&#8220;#0e0c19&#8243; title_font_size=&#8220;50px&#8220; title_line_height=&#8220;1.2em&#8220; custom_margin=&#8220;||10px||false|false&#8220; title_font_size_tablet=&#8220;28px&#8220; title_font_size_phone=&#8220;20px&#8220; title_font_size_last_edited=&#8220;on|phone&#8220; global_colors_info=&#8220;{}&#8220;][\/et_pb_heading][\/et_pb_column][\/et_pb_row][et_pb_row _builder_version=&#8220;4.27.4&#8243; _module_preset=&#8220;default&#8220; hover_enabled=&#8220;0&#8243; global_colors_info=&#8220;{}&#8220; min_height=&#8220;569.5px&#8220; sticky_enabled=&#8220;0&#8243;][et_pb_column type=&#8220;4_4&#8243; _builder_version=&#8220;4.25.1&#8243; _module_preset=&#8220;default&#8220; global_colors_info=&#8220;{}&#8220;][et_pb_text quote_border_color=&#8220;#57cc99&#8243; _builder_version=&#8220;4.25.1&#8243; _module_preset=&#8220;2c55a9c4-feed-423b-9edb-ae0b5b365cac&#8220; text_font=&#8220;Source Sans Pro|Source Sans Pro_weight|||||||&#8220; text_text_color=&#8220;#3c3a47&#8243; text_line_height=&#8220;1.75em&#8220; link_font=&#8220;|Source Sans Pro_weight|||||||&#8220; link_text_color=&#8220;#22577a&#8220; quote_font=&#8220;Playfair Display|Playfair Display_weight|||||||&#8220; quote_text_color=&#8220;#0e0c19&#8243; header_font=&#8220;Playfair Display|Playfair Display_weight|||||||&#8220; header_text_color=&#8220;#0e0c19&#8243; header_font_size=&#8220;72px&#8220; header_line_height=&#8220;1.15em&#8220; header_2_font=&#8220;Playfair Display|Playfair Display_weight|||||||&#8220; header_2_text_color=&#8220;#0e0c19&#8243; header_2_font_size=&#8220;50px&#8220; header_2_line_height=&#8220;1.2em&#8220; header_3_font=&#8220;Playfair Display|Playfair Display_weight|||||||&#8220; header_3_text_color=&#8220;#0e0c19&#8243; header_3_font_size=&#8220;32px&#8220; header_3_line_height=&#8220;1.3em&#8220; header_4_font=&#8220;Playfair Display|Playfair Display_weight|||||||&#8220; header_4_text_color=&#8220;#0e0c19&#8243; header_4_font_size=&#8220;24px&#8220; header_4_line_height=&#8220;1.4em&#8220; header_5_font=&#8220;Playfair Display|Playfair Display_weight|||||||&#8220; header_5_text_color=&#8220;#0e0c19&#8243; header_5_font_size=&#8220;18px&#8220; header_5_line_height=&#8220;1.4em&#8220; header_6_font=&#8220;Playfair Display|Playfair Display_weight|||||||&#8220; header_6_text_color=&#8220;#0e0c19&#8243; header_6_line_height=&#8220;1.5em&#8220; custom_margin=&#8220;||||false|false&#8220; text_font_size_tablet=&#8220;15px&#8220; text_font_size_phone=&#8220;14px&#8220; text_font_size_last_edited=&#8220;on|phone&#8220; header_font_size_tablet=&#8220;40px&#8220; header_font_size_phone=&#8220;24px&#8220; header_font_size_last_edited=&#8220;on|desktop&#8220; header_2_font_size_tablet=&#8220;28px&#8220; header_2_font_size_phone=&#8220;20px&#8220; header_2_font_size_last_edited=&#8220;on|phone&#8220; header_3_font_size_tablet=&#8220;22px&#8220; header_3_font_size_phone=&#8220;17px&#8220; header_3_font_size_last_edited=&#8220;on|phone&#8220; header_4_font_size_tablet=&#8220;18px&#8220; header_4_font_size_phone=&#8220;15px&#8220; header_4_font_size_last_edited=&#8220;on|tablet&#8220; header_5_font_size_tablet=&#8220;15px&#8220; header_5_font_size_phone=&#8220;14px&#8220; header_5_font_size_last_edited=&#8220;on|desktop&#8220; header_6_font_size_tablet=&#8220;13px&#8220; header_6_font_size_phone=&#8220;13px&#8220; header_6_font_size_last_edited=&#8220;on|desktop&#8220; global_colors_info=&#8220;{}&#8220; custom_padding=&#8220;||0px|||&#8220;]<\/p>\n<h4><span style=\"font-size: medium;\">Reinhard und Maria haben die Betriebsf\u00fchrung 2001 nach der Verpachtung selbst wieder \u00fcbernommen. Seit ca. 37 Jahre bin ich schon im Haflingerverein 1992 habe ich Reinhard geheiratet. Die Zucht hat sich in der Zeit vergr\u00f6\u00dfert und wir konnten schon tolle Erfolge erzielen.<\/span><\/h4>\n<h4><span style=\"font-size: medium;\"><\/span><\/h4>\n<h4><span style=\"font-size: medium;\">Wir haben 3 Kinder:<\/span><\/h4>\n<h4><span style=\"font-size: medium;\">Stefan ist gelernter Schlosser und gelernter \u00a0EDV- Techniker, LKW- Fahrer und arbeitet seit 2024 bei der Firma Illwerke in Bregenz.<\/span><\/h4>\n<h4><span style=\"font-size: medium;\">\u00a0<\/span><\/h4>\n<h4><span style=\"font-size: medium;\">Sabrina absolvierte 2014 den Pferdewirtschaftsfacharbeiter auch das Fahrabzeichen in Bronze und Lizenz hat sie Erfolgreich bestanden. 2025 absolvierte sie den \u00dcbungsleiter in Reiten<\/span><\/h4>\n<h4><span style=\"font-size: medium;\">Sie arbeitet bei der renommierten Firma Hilti. Nach der Arbeit widmet sie sich den Pferden f\u00fcr die Zucht und die Ausbildung.<\/span><\/h4>\n<h4><span style=\"font-size: medium;\">Sabrina und Ingo heirateten am 26.08.2022 auf der Alpe Laguz. Am 07.04.2024 bekamen sie einen Sohn Lion. Das sch\u00f6ne Fest der Taufe war am 23.06.2024 auf der Alpe Laguz<\/span><\/h4>\n<h4><span style=\"font-size: medium;\">\u00a0<\/span><\/h4>\n<h4><span style=\"font-size: medium;\">Bianca machte die Lehre bei der Firma Hilti als Elektrotechnikerin und ist jetzt erfolgreich als Technologiespezialistin bei der Firma Hilti. Bianca und Andy heirateten am 02.08.2024 auf der Alpe Laguz.<\/span><\/h4>\n<h4><span style=\"font-size: medium;\">\u00a0<\/span><\/h4>\n<h4><span style=\"font-size: medium;\">Wir sind ein 4 Generationen Haus und feiern am 12.05.2026 den 90. Geburtstag von unserer Mama, Oma und Uroma.<\/span><\/h4>\n<h4><span style=\"font-size: medium;\">\u00a0<\/span><\/h4>\n<h4><span style=\"font-size: medium;\">2009 haben wir unser \u00fcber 360 Jahre altes Ferienh\u00e4uschen (Knusperh\u00e4uschen) zum Teil neu renoviert viele G\u00e4ste sind\u00a0 tolle Freunde geworden<\/span><\/h4>\n<h4><span style=\"font-size: medium;\">\u00a0Auf Bestellung gibt es auch einen selbstgemachten Eierlik\u00f6r.<\/span><\/h4>\n<h4><span style=\"font-size: medium;\">\u00a0<\/span><\/h4>\n<h4><span style=\"font-size: medium;\">Ab und zu g\u00f6nnen\u00a0 wir uns eine Auszeit in unserer Alph\u00fctte die 2020 neu eingedeckt wurde auf der Alpe Laguz.<\/span><\/h4>\n<p>[\/et_pb_text][\/et_pb_column][\/et_pb_row][\/et_pb_section][et_pb_section fb_built=&#8220;1&#8243; theme_builder_area=&#8220;post_content&#8220; _builder_version=&#8220;4.27.4&#8243; _module_preset=&#8220;default&#8220;][et_pb_row _builder_version=&#8220;4.27.4&#8243; _module_preset=&#8220;default&#8220; theme_builder_area=&#8220;post_content&#8220;][et_pb_column _builder_version=&#8220;4.27.4&#8243; _module_preset=&#8220;default&#8220; type=&#8220;4_4&#8243; theme_builder_area=&#8220;post_content&#8220;][et_pb_heading title=&#8220;Das sind wir&#8220; _builder_version=&#8220;4.27.4&#8243; _module_preset=&#8220;default&#8220; theme_builder_area=&#8220;post_content&#8220; hover_enabled=&#8220;0&#8243; sticky_enabled=&#8220;0&#8243;][\/et_pb_heading][\/et_pb_column][\/et_pb_row][\/et_pb_section][et_pb_section fb_built=&#8220;1&#8243; theme_builder_area=&#8220;post_content&#8220; _builder_version=&#8220;4.27.4&#8243; _module_preset=&#8220;default&#8220;][et_pb_row _builder_version=&#8220;4.27.4&#8243; _module_preset=&#8220;default&#8220; column_structure=&#8220;1_2,1_2&#8243; theme_builder_area=&#8220;post_content&#8220;][et_pb_column _builder_version=&#8220;4.27.4&#8243; _module_preset=&#8220;default&#8220; type=&#8220;1_2&#8243; theme_builder_area=&#8220;post_content&#8220;][et_pb_team_member name=&#8220;Reinhard&#8220; image_url=&#8220;http:\/\/biberle-hof.at\/wp-content\/uploads\/2021\/01\/IMG_20200212_173200.jpg&#8220; _builder_version=&#8220;4.27.4&#8243; _module_preset=&#8220;default&#8220; theme_builder_area=&#8220;post_content&#8220; hover_enabled=&#8220;0&#8243; sticky_enabled=&#8220;0&#8243; custom_padding=&#8220;||0px|||&#8220; title_text=&#8220;sdr&#8220;][\/et_pb_team_member][et_pb_team_member name=&#8220;Maria&#8220; image_url=&#8220;http:\/\/biberle-hof.at\/wp-content\/uploads\/2026\/01\/Maria.jpg&#8220; _builder_version=&#8220;4.27.4&#8243; _module_preset=&#8220;default&#8220; theme_builder_area=&#8220;post_content&#8220; title_text=&#8220;Maria&#8220; hover_enabled=&#8220;0&#8243; sticky_enabled=&#8220;0&#8243;][\/et_pb_team_member][et_pb_team_member name=&#8220;Stefan&#8220; image_url=&#8220;http:\/\/biberle-hof.at\/wp-content\/uploads\/2026\/01\/Stefan.jpg&#8220; _builder_version=&#8220;4.27.4&#8243; _module_preset=&#8220;default&#8220; theme_builder_area=&#8220;post_content&#8220; title_text=&#8220;Stefan&#8220; hover_enabled=&#8220;0&#8243; sticky_enabled=&#8220;0&#8243;][\/et_pb_team_member][\/et_pb_column][et_pb_column _builder_version=&#8220;4.27.4&#8243; _module_preset=&#8220;default&#8220; type=&#8220;1_2&#8243; theme_builder_area=&#8220;post_content&#8220;][et_pb_team_member name=&#8220;Sabrina, Ingo und Lion&#8220; image_url=&#8220;http:\/\/biberle-hof.at\/wp-content\/uploads\/2026\/01\/Sabrina-Ingo-und-Lion-min-scaled.jpg&#8220; _builder_version=&#8220;4.27.4&#8243; _module_preset=&#8220;default&#8220; theme_builder_area=&#8220;post_content&#8220; title_text=&#8220;Sabrina, Ingo und Lion-min&#8220; hover_enabled=&#8220;0&#8243; sticky_enabled=&#8220;0&#8243;][\/et_pb_team_member][et_pb_team_member name=&#8220;Bianca und Andy&#8220; image_url=&#8220;http:\/\/biberle-hof.at\/wp-content\/uploads\/2026\/01\/Bianca-und-Andy-2-min.jpg&#8220; _builder_version=&#8220;4.27.4&#8243; _module_preset=&#8220;default&#8220; theme_builder_area=&#8220;post_content&#8220; title_text=&#8220;Bianca und Andy (2)-min&#8220;][\/et_pb_team_member][\/et_pb_column][\/et_pb_row][\/et_pb_section][et_pb_section fb_built=&#8220;1&#8243; fullwidth=&#8220;on&#8220; theme_builder_area=&#8220;post_content&#8220; _builder_version=&#8220;4.27.4&#8243; _module_preset=&#8220;default&#8220;][\/et_pb_section][et_pb_section fb_built=&#8220;1&#8243; admin_label=&#8220;Call to Action&#8220; _builder_version=&#8220;4.24.3&#8243; _module_preset=&#8220;default&#8220; use_background_color_gradient=&#8220;on&#8220; background_color_gradient_stops=&#8220;rgba(0,0,0,0.5) 0%|rgba(0,0,0,0.75) 100%&#8220; background_color_gradient_overlays_image=&#8220;on&#8220; background_color_gradient_start=&#8220;rgba(0,0,0,0.5)&#8220; background_color_gradient_end=&#8220;rgba(0,0,0,0.75)&#8220; background_image=&#8220;https:\/\/premadesections.divi.support\/premade\/wp-content\/uploads\/sites\/4\/2023\/11\/1920&#215;1080.jpg&#8220; parallax=&#8220;on&#8220; custom_padding=&#8220;8vw||8vw||true|false&#8220; locked=&#8220;off&#8220; collapsed=&#8220;on&#8220; global_colors_info=&#8220;{}&#8220;][et_pb_row _builder_version=&#8220;4.23.1&#8243; _module_preset=&#8220;5138c454-be54-4233-bd3b-f8e6a8747976&#8243; max_width=&#8220;800px&#8220; global_colors_info=&#8220;{}&#8220;][et_pb_column type=&#8220;4_4&#8243; _builder_version=&#8220;4.16&#8243; _module_preset=&#8220;73121f80-a3ef-4484-8763-c3f18e3c56d2&#8243; global_colors_info=&#8220;{}&#8220;][et_pb_heading title=&#8220;Entdecken Sie den Biberle Hof&#8220; _builder_version=&#8220;4.24.3&#8243; _module_preset=&#8220;c33f07d9-41e0-421a-8799-5799df695cce&#8220; title_level=&#8220;h2&#8243; title_font=&#8220;Playfair Display|Playfair Display_weight|||||||&#8220; title_text_align=&#8220;center&#8220; title_text_color=&#8220;#FFFFFF&#8220; title_font_size=&#8220;50px&#8220; title_line_height=&#8220;1.2em&#8220; custom_margin=&#8220;||10px||false|false&#8220; title_font_size_tablet=&#8220;28px&#8220; title_font_size_phone=&#8220;20px&#8220; title_font_size_last_edited=&#8220;on|phone&#8220; locked=&#8220;off&#8220; global_colors_info=&#8220;{}&#8220;][\/et_pb_heading][et_pb_text quote_border_color=&#8220;#FFFFFF&#8220; _builder_version=&#8220;4.24.3&#8243; _module_preset=&#8220;0504de1e-f5ff-4281-ba60-cbbe4edf98bc&#8220; text_font=&#8220;Source Sans Pro|Source Sans Pro_weight|||||||&#8220; text_text_color=&#8220;#FFFFFF&#8220; text_line_height=&#8220;1.75em&#8220; link_font=&#8220;||||on||||&#8220; link_text_color=&#8220;#FFFFFF&#8220; quote_font=&#8220;Playfair Display|Playfair Display_weight|||||||&#8220; quote_text_color=&#8220;#FFFFFF&#8220; header_font=&#8220;Playfair Display|Playfair Display_weight|||||||&#8220; header_text_color=&#8220;#FFFFFF&#8220; header_font_size=&#8220;72px&#8220; header_line_height=&#8220;1.15em&#8220; header_2_font=&#8220;Playfair Display|Playfair Display_weight|||||||&#8220; header_2_text_color=&#8220;#FFFFFF&#8220; header_2_font_size=&#8220;50px&#8220; header_2_line_height=&#8220;1.2em&#8220; header_3_font=&#8220;Playfair Display|Playfair Display_weight|||||||&#8220; header_3_text_color=&#8220;#FFFFFF&#8220; header_3_font_size=&#8220;32px&#8220; header_3_line_height=&#8220;1.3em&#8220; header_4_font=&#8220;Playfair Display|Playfair Display_weight|||||||&#8220; header_4_text_color=&#8220;#FFFFFF&#8220; header_4_font_size=&#8220;24px&#8220; header_4_line_height=&#8220;1.4em&#8220; header_5_font=&#8220;Playfair Display|Playfair Display_weight|||||||&#8220; header_5_text_color=&#8220;#FFFFFF&#8220; header_5_font_size=&#8220;18px&#8220; header_5_line_height=&#8220;1.4em&#8220; header_6_font=&#8220;Playfair Display|Playfair Display_weight|||||||&#8220; header_6_text_color=&#8220;#FFFFFF&#8220; header_6_line_height=&#8220;1.5em&#8220; text_orientation=&#8220;center&#8220; custom_margin=&#8220;||||false|false&#8220; text_font_size_tablet=&#8220;15px&#8220; text_font_size_phone=&#8220;14px&#8220; text_font_size_last_edited=&#8220;on|phone&#8220; header_font_size_tablet=&#8220;40px&#8220; header_font_size_phone=&#8220;24px&#8220; header_font_size_last_edited=&#8220;on|desktop&#8220; header_2_font_size_tablet=&#8220;28px&#8220; header_2_font_size_phone=&#8220;20px&#8220; header_2_font_size_last_edited=&#8220;on|phone&#8220; header_3_font_size_tablet=&#8220;22px&#8220; header_3_font_size_phone=&#8220;17px&#8220; header_3_font_size_last_edited=&#8220;on|phone&#8220; header_4_font_size_tablet=&#8220;18px&#8220; header_4_font_size_phone=&#8220;15px&#8220; header_4_font_size_last_edited=&#8220;on|tablet&#8220; header_5_font_size_tablet=&#8220;15px&#8220; header_5_font_size_phone=&#8220;14px&#8220; header_5_font_size_last_edited=&#8220;on|desktop&#8220; header_6_font_size_tablet=&#8220;13px&#8220; header_6_font_size_phone=&#8220;13px&#8220; header_6_font_size_last_edited=&#8220;on|desktop&#8220; global_colors_info=&#8220;{}&#8220;]<\/p>\n<p>Erfahren Sie mehr \u00fcber unser Leben auf dem Hof und die Tiere, die uns begleiten. Wir laden Sie herzlich ein, mit uns in Kontakt zu treten und mehr \u00fcber unsere Arbeit und unsere Leidenschaft zu erfahren.<\/p>\n<p>[\/et_pb_text][et_pb_button button_text=&#8220;Mehr erfahren&#8220; button_alignment=&#8220;center&#8220; _builder_version=&#8220;4.24.3&#8243; _module_preset=&#8220;ab15fb74-61a3-43aa-96b3-41e09aeef654&#8243; custom_button=&#8220;on&#8220; button_text_size=&#8220;14px&#8220; button_text_color=&#8220;#22577a&#8220; button_bg_color=&#8220;#FFFFFF&#8220; button_border_width=&#8220;0px&#8220; button_border_radius=&#8220;100px&#8220; button_font=&#8220;Source Sans Pro|700|||||||&#8220; custom_padding=&#8220;12px|24px|12px|24px|true|true&#8220; locked=&#8220;off&#8220; global_colors_info=&#8220;{}&#8220;][\/et_pb_button][\/et_pb_column][\/et_pb_row][\/et_pb_section]<\/p>\n","protected":false},"excerpt":{"rendered":"<p>Reinhard und Maria haben die Betriebsf\u00fchrung 2001 nach der Verpachtung selbst wieder \u00fcbernommen. Seit ca. 37 Jahre bin ich schon im Haflingerverein 1992 habe ich Reinhard geheiratet. Die Zucht hat sich in der Zeit vergr\u00f6\u00dfert und wir konnten schon tolle Erfolge erzielen. Wir haben 3 Kinder: Stefan ist gelernter Schlosser und gelernter \u00a0EDV- Techniker, LKW- [&hellip;]<\/p>\n","protected":false},"author":1,"featured_media":0,"parent":0,"menu_order":0,"comment_status":"closed","ping_status":"closed","template":"","meta":{"_et_pb_use_builder":"on","_et_pb_old_content":"","_et_gb_content_width":"","footnotes":""},"class_list":["post-911","page","type-page","status-publish","hentry"],"_links":{"self":[{"href":"https:\/\/biberle-hof.at\/index.php?rest_route=\/wp\/v2\/pages\/911","targetHints":{"allow":["GET"]}}],"collection":[{"href":"https:\/\/biberle-hof.at\/index.php?rest_route=\/wp\/v2\/pages"}],"about":[{"href":"https:\/\/biberle-hof.at\/index.php?rest_route=\/wp\/v2\/types\/page"}],"author":[{"embeddable":true,"href":"https:\/\/biberle-hof.at\/index.php?rest_route=\/wp\/v2\/users\/1"}],"replies":[{"embeddable":true,"href":"https:\/\/biberle-hof.at\/index.php?rest_route=%2Fwp%2Fv2%2Fcomments&post=911"}],"version-history":[{"count":5,"href":"https:\/\/biberle-hof.at\/index.php?rest_route=\/wp\/v2\/pages\/911\/revisions"}],"predecessor-version":[{"id":1063,"href":"https:\/\/biberle-hof.at\/index.php?rest_route=\/wp\/v2\/pages\/911\/revisions\/1063"}],"wp:attachment":[{"href":"https:\/\/biberle-hof.at\/index.php?rest_route=%2Fwp%2Fv2%2Fmedia&parent=911"}],"curies":[{"name":"wp","href":"https:\/\/api.w.org\/{rel}","templated":true}]}}